{"id":263,"date":"2016-04-12T10:05:10","date_gmt":"2016-04-12T09:05:10","guid":{"rendered":"http:\/\/www.poirier-recycleur-automobile.com\/pieces-detachees\/?page_id=263"},"modified":"2024-03-14T17:41:42","modified_gmt":"2024-03-14T16:41:42","slug":"mentions-legales-2016","status":"publish","type":"page","link":"https:\/\/www.poirier-recycleur-automobile.com\/pieces-detachees\/mentions-legales-2016\/","title":{"rendered":"Mentions Legales 2016"},"content":{"rendered":"<div id=\"pl-263\"  class=\"panel-layout\" ><div id=\"pg-263-0\"  class=\"panel-grid panel-has-style\" ><div class=\"blockMentionsLegales siteorigin-panels-stretch panel-row-style panel-row-style-for-263-0\" data-stretch-type=\"full\" ><div id=\"pgc-263-0-0\"  class=\"panel-grid-cell\" ><div id=\"panel-263-0-0-0\" class=\"so-panel widget widget_sow-editor panel-first-child panel-last-child\" data-index=\"0\" ><div class=\"enteteMentionsLegales panel-widget-style panel-widget-style-for-263-0-0-0\" ><div\n\t\t\t\n\t\t\tclass=\"so-widget-sow-editor so-widget-sow-editor-base\"\n\t\t\t\n\t\t>\n<div class=\"siteorigin-widget-tinymce textwidget\">\n\t<h1 id=\"mentionsLegales\"><span style=\"color: #000000;\"><strong>Mentions l\u00e9gales<\/strong><\/span><\/h1>\n<\/div>\n<\/div><\/div><\/div><\/div><\/div><\/div><div id=\"pg-263-1\"  class=\"panel-grid panel-has-style\" ><div class=\"siteorigin-panels-stretch panel-row-style panel-row-style-for-263-1\" data-stretch-type=\"full\" ><div id=\"pgc-263-1-0\"  class=\"panel-grid-cell\" ><div id=\"panel-263-1-0-0\" class=\"so-panel widget widget_sow-editor panel-first-child panel-last-child\" data-index=\"1\" ><div class=\"textMentionsLegales panel-widget-style panel-widget-style-for-263-1-0-0\" ><div\n\t\t\t\n\t\t\tclass=\"so-widget-sow-editor so-widget-sow-editor-base\"\n\t\t\t\n\t\t>\n<div class=\"siteorigin-widget-tinymce textwidget\">\n\t<h2><span style=\"color: #000000;\"><strong>Responsable de publication<\/strong><\/span><\/h2>\n<hr \/>\n<p><strong><a href=\"http:\/\/www.poirier-recycleur-automobile.com\/pieces-detachees\/contact\/\">M. Poirier<\/a><\/strong><\/p>\n<h2 id=\"siegeSocial\"><span style=\"color: #000000;\"><strong>Si\u00e8ge Social<\/strong><\/span><\/h2>\n<hr \/>\n<p>S.A.S. POIRIER<br \/>Z.I. des Perrouins 250, rue de Londres 53100 Mayenne<br \/>T\u00e9l. : 02 43 04 51 15 - Fax : 02 43 04 16 47<\/p>\n<\/div>\n<\/div><\/div><\/div><\/div><div id=\"pgc-263-1-1\"  class=\"panel-grid-cell\" ><div id=\"panel-263-1-1-0\" class=\"so-panel widget widget_sow-editor panel-first-child panel-last-child\" data-index=\"2\" ><div class=\"textMentionsLegales panel-widget-style panel-widget-style-for-263-1-1-0\" ><div\n\t\t\t\n\t\t\tclass=\"so-widget-sow-editor so-widget-sow-editor-base\"\n\t\t\t\n\t\t>\n<div class=\"siteorigin-widget-tinymce textwidget\">\n\t<h2><span style=\"color: #000000;\"><strong>Design du site \/ Webmastering<\/strong><\/span><\/h2>\n<hr \/>\n<p><strong><a href=\"http:\/\/www.coclico.fr\/\" target=\"_blank\">co.cli.co<\/a><\/strong><\/p>\n<h2><strong><span style=\"color: #000000;\">H\u00e9bergement du site \/ base de donn\u00e9es<\/span><\/strong><\/h2>\n<hr \/>\n<p>OVH<br \/>Si\u00e8ge social : 2 rue Kellermann 59100 Roubaix - France<br \/>T\u00e9l : 08 203 203 63<\/p>\n<\/div>\n<\/div><\/div><\/div><\/div><\/div><\/div><div id=\"pg-263-2\"  class=\"panel-grid panel-has-style\" ><div class=\"siteorigin-panels-stretch panel-row-style panel-row-style-for-263-2\" data-stretch-type=\"full\" ><div id=\"pgc-263-2-0\"  class=\"panel-grid-cell\" ><div id=\"panel-263-2-0-0\" class=\"so-panel widget widget_sow-editor panel-first-child panel-last-child\" data-index=\"3\" ><div class=\"textMentionsLegales panel-widget-style panel-widget-style-for-263-2-0-0\" ><div\n\t\t\t\n\t\t\tclass=\"so-widget-sow-editor so-widget-sow-editor-base\"\n\t\t\t\n\t\t>\n<div class=\"siteorigin-widget-tinymce textwidget\">\n\t<h2 id=\"immatriculation\"><span style=\"color: #000000;\"><strong>Droit d\u2019auteur \u2013 Copyright<\/strong><\/span><\/h2>\n<hr \/>\n<p style=\"text-align: justify;\">Le site Internet www.poirier-recycleur-automobile.com et chacun des \u00e9l\u00e9ments qui le composent, notamment mais non limitativement, les textes, images, photographies, illustrations, sons, musiques sont, sauf mentions particuli\u00e8res, la propri\u00e9t\u00e9 exclusive de S.A.S. POIRIER. En cons\u00e9quence, en application des dispositions du Code de la Propri\u00e9t\u00e9 Intellectuelle, des dispositions l\u00e9gislatives et r\u00e9glementaires de tous pays et des conventions internationales, toute reproduction ou repr\u00e9sentation, int\u00e9grale ou partielle, du site ou de quelconque des \u00e9l\u00e9ments qui le composent, est interdite de m\u00eame que leur alt\u00e9ration. Le nom de domaine \u00ab\u00a0www.poirier-recycleur-automobile.com\u00a0\u00bb est la propri\u00e9t\u00e9 exclusive de S.A.S. POIRIER. De m\u00eame, les marques et logos apparaissant sur le site Internet www.poirier-recycleur-automobile.com sont la propri\u00e9t\u00e9 exclusive de S.A.S. POIRIER. Toute reproduction ou utilisation de ces marques, logos ou noms de domaine, de quelque mani\u00e8re et \u00e0 quelque titre que ce soit, est interdite.<\/p>\n<h2><span style=\"color: #000000;\"><strong>Liens hypertexte<\/strong><\/span><\/h2>\n<hr \/>\n<p style=\"text-align: justify;\">La cr\u00e9ation de liens hypertexte vers le site Internet www.poirier-recycleur-automobile.com ne peut \u00eatre fait qu\u2019avec l\u2019autorisation \u00e9crite et pr\u00e9alable de S.A.S. POIRIER ou de ses repr\u00e9sentants l\u00e9gaux . Le service S.A.S. POIRIER d\u00e9cline toute responsabilit\u00e9 quant au contenu des sites tiers qui seraient li\u00e9s \u00e0 son site Internet.<\/p>\n<\/div>\n<\/div><\/div><\/div><\/div><div id=\"pgc-263-2-1\"  class=\"panel-grid-cell\" ><div id=\"panel-263-2-1-0\" class=\"so-panel widget widget_sow-editor panel-first-child panel-last-child\" data-index=\"4\" ><div class=\"textMentionsLegales panel-widget-style panel-widget-style-for-263-2-1-0\" ><div\n\t\t\t\n\t\t\tclass=\"so-widget-sow-editor so-widget-sow-editor-base\"\n\t\t\t\n\t\t>\n<div class=\"siteorigin-widget-tinymce textwidget\">\n\t<h2><span style=\"color: #000000;\"><strong>Donn\u00e9es personnelles<\/strong><\/span><\/h2>\n<hr \/>\n<p style=\"text-align: justify;\">Conform\u00e9ment \u00e0 la loi \"Informatique et Libert\u00e9s\" du 6 Janvier 1978 modifi\u00e9e par la loi du 6 Ao\u00fbt 2004 (art.27), vous \u00eates inform\u00e9(e) que S.A.S. POIRIER proc\u00e8de \u00e0 des traitements automatis\u00e9s de vos donn\u00e9es personnelles. A ce titre, vous disposez d'un droit d'acc\u00e8s, de modification, de rectification et de suppression des donn\u00e9es personnelles qui vous concernent (art.34 et suivants de la loi susvis\u00e9e). Pour l'exercer, adressez-vous \u00e0 S.A.S. POIRIER -Z.I. des Perrouins 250, rue de Londres 53100 Mayenne (T\u00e9l. : 02 43 04 51 15 - Fax : 02 43 04 16 47). S.A.S. POIRIER est seule destinataire des donn\u00e9es personnelles qu'elle recueille par l'interm\u00e9diaire de son site Internet.<\/p>\n<h2><strong><span style=\"color: #000000;\">Notices l\u00e9gales<\/span><\/strong><\/h2>\n<hr \/>\n<p style=\"text-align: justify;\">S.A.S. POIRIER s'assure que les informations accessibles par l'interm\u00e9diaire de son site Internet sont exactes. Toutefois, elle ne garantit en aucune mani\u00e8re que ces informations sont exactes, compl\u00e8tes et \u00e0 jour et de mani\u00e8re g\u00e9n\u00e9rale, ne fournit aucune garantie expresse ou tacite, concernant tout ou partie de son site Internet.<\/p>\n<\/div>\n<\/div><\/div><\/div><\/div><\/div><\/div><\/div>","protected":false},"excerpt":{"rendered":"<p>Mentions l\u00e9gales Responsable de publicationM. PoirierSi\u00e8ge SocialS.A.S. POIRIERZ.I. des Perrouins 250, rue de Londres 53100 MayenneT\u00e9l. : 02 43 04 51 15 &#8211; Fax : 02<span class=\"excerpt-hellip\"> [\u2026]<\/span><\/p>\n","protected":false},"author":1,"featured_media":0,"parent":0,"menu_order":0,"comment_status":"closed","ping_status":"closed","template":"","meta":{"_acf_changed":false,"footnotes":""},"class_list":["post-263","page","type-page","status-publish","hentry"],"acf":[],"yoast_head":"<!-- This site is optimized with the Yoast SEO plugin v27.2 - https:\/\/yoast.com\/product\/yoast-seo-wordpress\/ -->\n<title>Mentions Legales 2016 - Poirier<\/title>\n<meta name=\"robots\" content=\"index, follow, max-snippet:-1, max-image-preview:large, max-video-preview:-1\" \/>\n<link rel=\"canonical\" href=\"https:\/\/www.poirier-recycleur-automobile.com\/pieces-detachees\/mentions-legales-2016\/\" \/>\n<meta property=\"og:locale\" content=\"fr_FR\" \/>\n<meta property=\"og:type\" content=\"article\" \/>\n<meta property=\"og:title\" content=\"Mentions Legales 2016 - Poirier\" \/>\n<meta property=\"og:description\" content=\"Mentions l\u00e9gales Responsable de publicationM. PoirierSi\u00e8ge SocialS.A.S. POIRIERZ.I. des Perrouins 250, rue de Londres 53100 MayenneT\u00e9l. : 02 43 04 51 15 - Fax : 02 [\u2026]\" \/>\n<meta property=\"og:url\" content=\"https:\/\/www.poirier-recycleur-automobile.com\/pieces-detachees\/mentions-legales-2016\/\" \/>\n<meta property=\"og:site_name\" content=\"Poirier\" \/>\n<meta property=\"article:modified_time\" content=\"2024-03-14T16:41:42+00:00\" \/>\n<meta name=\"twitter:card\" content=\"summary_large_image\" \/>\n<meta name=\"twitter:label1\" content=\"Dur\u00e9e de lecture estim\u00e9e\" \/>\n\t<meta name=\"twitter:data1\" content=\"3 minutes\" \/>\n<script type=\"application\/ld+json\" class=\"yoast-schema-graph\">{\"@context\":\"https:\/\/schema.org\",\"@graph\":[{\"@type\":\"WebPage\",\"@id\":\"https:\/\/www.poirier-recycleur-automobile.com\/pieces-detachees\/mentions-legales-2016\/\",\"url\":\"https:\/\/www.poirier-recycleur-automobile.com\/pieces-detachees\/mentions-legales-2016\/\",\"name\":\"Mentions Legales 2016 - Poirier\",\"isPartOf\":{\"@id\":\"https:\/\/www.poirier-recycleur-automobile.com\/pieces-detachees\/#website\"},\"datePublished\":\"2016-04-12T09:05:10+00:00\",\"dateModified\":\"2024-03-14T16:41:42+00:00\",\"breadcrumb\":{\"@id\":\"https:\/\/www.poirier-recycleur-automobile.com\/pieces-detachees\/mentions-legales-2016\/#breadcrumb\"},\"inLanguage\":\"fr-FR\",\"potentialAction\":[{\"@type\":\"ReadAction\",\"target\":[\"https:\/\/www.poirier-recycleur-automobile.com\/pieces-detachees\/mentions-legales-2016\/\"]}]},{\"@type\":\"BreadcrumbList\",\"@id\":\"https:\/\/www.poirier-recycleur-automobile.com\/pieces-detachees\/mentions-legales-2016\/#breadcrumb\",\"itemListElement\":[{\"@type\":\"ListItem\",\"position\":1,\"name\":\"Accueil\",\"item\":\"https:\/\/www.poirier-recycleur-automobile.com\/pieces-detachees\/\"},{\"@type\":\"ListItem\",\"position\":2,\"name\":\"Mentions Legales 2016\"}]},{\"@type\":\"WebSite\",\"@id\":\"https:\/\/www.poirier-recycleur-automobile.com\/pieces-detachees\/#website\",\"url\":\"https:\/\/www.poirier-recycleur-automobile.com\/pieces-detachees\/\",\"name\":\"Poirier\",\"description\":\"D\u00e9constructeur \/ Recycleur Automobile - Vente de pi\u00e8ces d\u00e9tach\u00e9es\",\"potentialAction\":[{\"@type\":\"SearchAction\",\"target\":{\"@type\":\"EntryPoint\",\"urlTemplate\":\"https:\/\/www.poirier-recycleur-automobile.com\/pieces-detachees\/?s={search_term_string}\"},\"query-input\":{\"@type\":\"PropertyValueSpecification\",\"valueRequired\":true,\"valueName\":\"search_term_string\"}}],\"inLanguage\":\"fr-FR\"}]}<\/script>\n<!-- \/ Yoast SEO plugin. -->","yoast_head_json":{"title":"Mentions Legales 2016 - Poirier","robots":{"index":"index","follow":"follow","max-snippet":"max-snippet:-1","max-image-preview":"max-image-preview:large","max-video-preview":"max-video-preview:-1"},"canonical":"https:\/\/www.poirier-recycleur-automobile.com\/pieces-detachees\/mentions-legales-2016\/","og_locale":"fr_FR","og_type":"article","og_title":"Mentions Legales 2016 - Poirier","og_description":"Mentions l\u00e9gales Responsable de publicationM. PoirierSi\u00e8ge SocialS.A.S. POIRIERZ.I. des Perrouins 250, rue de Londres 53100 MayenneT\u00e9l. : 02 43 04 51 15 - Fax : 02 [\u2026]","og_url":"https:\/\/www.poirier-recycleur-automobile.com\/pieces-detachees\/mentions-legales-2016\/","og_site_name":"Poirier","article_modified_time":"2024-03-14T16:41:42+00:00","twitter_card":"summary_large_image","twitter_misc":{"Dur\u00e9e de lecture estim\u00e9e":"3 minutes"},"schema":{"@context":"https:\/\/schema.org","@graph":[{"@type":"WebPage","@id":"https:\/\/www.poirier-recycleur-automobile.com\/pieces-detachees\/mentions-legales-2016\/","url":"https:\/\/www.poirier-recycleur-automobile.com\/pieces-detachees\/mentions-legales-2016\/","name":"Mentions Legales 2016 - Poirier","isPartOf":{"@id":"https:\/\/www.poirier-recycleur-automobile.com\/pieces-detachees\/#website"},"datePublished":"2016-04-12T09:05:10+00:00","dateModified":"2024-03-14T16:41:42+00:00","breadcrumb":{"@id":"https:\/\/www.poirier-recycleur-automobile.com\/pieces-detachees\/mentions-legales-2016\/#breadcrumb"},"inLanguage":"fr-FR","potentialAction":[{"@type":"ReadAction","target":["https:\/\/www.poirier-recycleur-automobile.com\/pieces-detachees\/mentions-legales-2016\/"]}]},{"@type":"BreadcrumbList","@id":"https:\/\/www.poirier-recycleur-automobile.com\/pieces-detachees\/mentions-legales-2016\/#breadcrumb","itemListElement":[{"@type":"ListItem","position":1,"name":"Accueil","item":"https:\/\/www.poirier-recycleur-automobile.com\/pieces-detachees\/"},{"@type":"ListItem","position":2,"name":"Mentions Legales 2016"}]},{"@type":"WebSite","@id":"https:\/\/www.poirier-recycleur-automobile.com\/pieces-detachees\/#website","url":"https:\/\/www.poirier-recycleur-automobile.com\/pieces-detachees\/","name":"Poirier","description":"D\u00e9constructeur \/ Recycleur Automobile - Vente de pi\u00e8ces d\u00e9tach\u00e9es","potentialAction":[{"@type":"SearchAction","target":{"@type":"EntryPoint","urlTemplate":"https:\/\/www.poirier-recycleur-automobile.com\/pieces-detachees\/?s={search_term_string}"},"query-input":{"@type":"PropertyValueSpecification","valueRequired":true,"valueName":"search_term_string"}}],"inLanguage":"fr-FR"}]}},"_links":{"self":[{"href":"https:\/\/www.poirier-recycleur-automobile.com\/pieces-detachees\/wp-json\/wp\/v2\/pages\/263","targetHints":{"allow":["GET"]}}],"collection":[{"href":"https:\/\/www.poirier-recycleur-automobile.com\/pieces-detachees\/wp-json\/wp\/v2\/pages"}],"about":[{"href":"https:\/\/www.poirier-recycleur-automobile.com\/pieces-detachees\/wp-json\/wp\/v2\/types\/page"}],"author":[{"embeddable":true,"href":"https:\/\/www.poirier-recycleur-automobile.com\/pieces-detachees\/wp-json\/wp\/v2\/users\/1"}],"replies":[{"embeddable":true,"href":"https:\/\/www.poirier-recycleur-automobile.com\/pieces-detachees\/wp-json\/wp\/v2\/comments?post=263"}],"version-history":[{"count":11,"href":"https:\/\/www.poirier-recycleur-automobile.com\/pieces-detachees\/wp-json\/wp\/v2\/pages\/263\/revisions"}],"predecessor-version":[{"id":405,"href":"https:\/\/www.poirier-recycleur-automobile.com\/pieces-detachees\/wp-json\/wp\/v2\/pages\/263\/revisions\/405"}],"wp:attachment":[{"href":"https:\/\/www.poirier-recycleur-automobile.com\/pieces-detachees\/wp-json\/wp\/v2\/media?parent=263"}],"curies":[{"name":"wp","href":"https:\/\/api.w.org\/{rel}","templated":true}]}}