{"id":359,"date":"2023-10-31T09:56:20","date_gmt":"2023-10-31T08:56:20","guid":{"rendered":"https:\/\/www.poirier-recycleur-automobile.com\/pieces-detachees\/?page_id=359"},"modified":"2023-10-31T10:01:09","modified_gmt":"2023-10-31T09:01:09","slug":"conditions-generales-de-vente","status":"publish","type":"page","link":"https:\/\/www.poirier-recycleur-automobile.com\/pieces-detachees\/conditions-generales-de-vente\/","title":{"rendered":"Conditions g\u00e9n\u00e9rales de vente"},"content":{"rendered":"\n<h2 class=\"wp-block-heading\"><em><strong>Conditions g\u00e9n\u00e9rales de vente<\/strong><\/em><\/h2>\n\n\n<h1>\u00a0<\/h1>\n<h3>Article -1- Garantie l\u00e9gale<\/h3>\n<p>Le vendeur a l\u2019obligation de garantir l\u2019acheteur contre les vices cach\u00e9s de la pi\u00e8ce vendue, selon les articles 1641 et suivants du Code Civil. Cette garantie s\u2019applique en sus de la garantie contractuelle.<\/p>\n<h3>Article -2- Objet de la garantie contractuelle<\/h3>\n<p>La garantie couvre l\u2019ensemble des pi\u00e8ces d\u00e9tach\u00e9es occasions.<\/p>\n<h3>Article -3- Vente \u00e0 distance\/d\u00e9lai de r\u00e9tractation<\/h3>\n<p>L\u2019acheteur a droit \u00e0 un d\u00e9lai de r\u00e9traction de 14 jours francs \u00e0 compter de la livraison. Les frais de retour sont \u00e0 la charge de l\u2019acheteur.<\/p>\n<h3>Article -4- Retour des pi\u00e8ces (pi\u00e8ces non conformes)<\/h3>\n<p>Si la pi\u00e8ce ne convient pas parce que l\u2019acheteur s\u2019est tromp\u00e9 de r\u00e9f\u00e9rences, les frais de retour et d\u2019envoi d\u2019un nouvel \u00e9l\u00e9ment lui incombent. Si la faute vient du vendeur, tous les frais sont \u00e0 sa charge. Toute pi\u00e8ce non rendue dans un d\u00e9lai de 8 jours ne sera ni reprise ni \u00e9chang\u00e9e. Aucun avoir ne sera \u00e9tabli. Aucune r\u00e9clamation ne pourra \u00eatre accept\u00e9e sans pr\u00e9sentation de la facture. En cas d\u2019avoir, celui-ci est limit\u00e9 \u00e0 6 mois date d\u2019\u00e9mission. Ce d\u00e9lai ne rev\u00eatant aucun caract\u00e8re d\u00e9finitif.<\/p>\n<h3>Article-5- Dur\u00e9e<\/h3>\n<p>Nos pi\u00e8ces d\u2019occasions font l\u2019objet d\u2019une garantie d\u2019un an \u00e0 compter de la date d\u2019achat figurant sur la facture ou le bon de livraison.<\/p>\n<h3>Article -6- Conditions g\u00e9n\u00e9rales d\u2019ex\u00e9cution de la garantie<\/h3>\n<p>Pour que la garantie s\u2019applique, le montage de toutes ces pi\u00e8ces doit \u00eatre conforme aux normes constructeurs. Il appartient donc \u00e0 l\u2019acheteur de faire les r\u00e9glages dans les r\u00e8gles de l\u2019art. La garantie s\u2019effectuera par voie d\u2019\u00e9change dans la limite du stock disponible. En aucun cas la garantie ne couvre les frais de d\u00e9pose, repose, ingr\u00e9dients, accessoires, port, d\u00e9pannage, immobilisation et location de v\u00e9hicules. En cas d\u2019impossibilit\u00e9 d\u2019\u00e9change, le responsable du magasin proc\u00e9dera au remboursement de la pi\u00e8ce. Toute intervention sur la pi\u00e8ce, mauvais montage ou d\u00e9faut de mise au point fait \u00e9chec \u00e0 la mise en \u0153uvre de la garantie.<\/p>\n<h3>Article -7- Conditions particuli\u00e8res d\u2019ex\u00e9cution de la garantie<\/h3>\n<p>Le champ d\u2019application et les conditions particuli\u00e8res d\u2019ex\u00e9cution de la garantie sont pr\u00e9cis\u00e9s ci-dessous pour certaines pi\u00e8ces d\u2019usure. Le non-respect des pr\u00e9conisations faites par le vendeur fait \u00e9chec \u00e0 la mise en \u0153uvre de la garantie.<\/p>\n<p>Pour les moteurs\u00a0: la garantie s\u2019applique sur le moteur nu. Les pi\u00e8ces p\u00e9riph\u00e9riques sont laiss\u00e9es \u00e0 titres gracieux, elles sont donc non garanties. Avant montage, l\u2019acheteur doit contr\u00f4ler les circuits\u00a0: eau, huile, air, carburant. Certains accessoires doivent \u00eatre syst\u00e9matiquement remplac\u00e9s par d\u2019autres, neufs\u00a0:<br \/>Filtre \u00e0 huile, air, et carburant<br \/>Bougies d\u2019allumage ou de pr\u00e9chauffage,<br \/>Kit de distribution (courroie et galets)<br \/>Courroies\u00a0: alternateur et pompe \u00e0 eau<br \/>Produits\u00a0: liquide de refroidissement et huile,<br \/>Thermostats.<br \/>Toute anomalie au niveau du joint de culasse doit \u00eatre signal\u00e9e dans les 15 jours qui suivent l\u2019achat du moteur. Pass\u00e9 ce d\u00e9lai, aucune r\u00e9clamation ne pourra \u00eatre enregistr\u00e9e.<\/p>\n<p>La garantie s\u2019applique si la consommation d\u2019huile du moteur d\u00e9passe celle d\u00e9finie par le constructeur.<\/p>\n<p>Pour les boites de vitesse, transfert et pont arri\u00e8re. Les pi\u00e8ces p\u00e9riph\u00e9riques sont laiss\u00e9es \u00e0 titres gracieux et ne peuvent b\u00e9n\u00e9ficier de garantie. Certains accessoires doivent \u00eatre syst\u00e9matiquement remplac\u00e9s par d\u2019autres neufs\u00a0:<br \/>Les joints spy sortie transmission,<br \/>L\u2019huile d\u2019une qualit\u00e9 pr\u00e9conis\u00e9e par le constructeur.<br \/>Pour les transmissions, les soufflets de transmission ne sont pas garantis.<br \/>Pour les alternateurs et d\u00e9marreurs\u00a0: avant montage, l\u2019acheteur doit contr\u00f4ler les circuits \u00e9lectriques.<br \/>Pour les pompes \u00e0 injection : les pi\u00e8ces p\u00e9riph\u00e9riques sont laiss\u00e9es \u00e0 titre gracieux et ne peuvent b\u00e9n\u00e9ficier de la garantie. Avant montage, l\u2019acheteur doit contr\u00f4ler les circuits carburant.<\/p>\n<h3>Article -8- Garantie pi\u00e8ces neuves<\/h3>\n<p>En application de l\u2019ordonnance du 17\/02\/2005, notre \u00e9tablissement est tenu d\u2019appliquer en mati\u00e8re de garantie l\u00e9gale des vices cach\u00e9s et mati\u00e8re contractuelle les nouveaux articles\u00a0: L211-1 \u00e0 L211-18 du code de la Consommation et des articles 1641 \u00e0 1649 du code Civil.<\/p>\n<h3>Article-9- Exon\u00e9ration de la responsabilit\u00e9 du vendeur<\/h3>\n<p>L\u2019entreprise se trouve d\u00e9gag\u00e9e de toute responsabilit\u00e9 si la d\u00e9fectuosit\u00e9 provient\u00a0:<\/p>\n<p>Directement d\u2019une d\u00e9fectuosit\u00e9 ou d\u2019une inadaptation d\u2019une autre pi\u00e8ce du v\u00e9hicule\u00a0;<br \/>D\u2019une utilisation de la pi\u00e8ce en dehors de la destination pr\u00e9vue par le constructeur\u00a0;<br \/>D\u2019une modification ou adaptation de la pi\u00e8ce ou de toute autre pi\u00e8ce du v\u00e9hicule non autoris\u00e9e ou non pr\u00e9vue par le constructeur\u00a0;<br \/>D\u2019une utilisation anormale ou d\u2019une inobservation des pr\u00e9conisations d\u2019entretien du v\u00e9hicule ou d\u2019un endommagement accidentel.<\/p>\n<h3>Article -10-Port<\/h3>\n<p>Les marchandises m\u00eame exp\u00e9di\u00e9es en franco voyagent aux risques et p\u00e9rils du destinataire.<\/p>\n<h3>Article-11-Election du domicile de juridiction<\/h3>\n<p>Nos factures sont payables \u00e0 r\u00e9ception, sauf accord pr\u00e9alable. En cas de litige, seul le Tribunal de Laval sera comp\u00e9tent. Toute contestation de la facture devra \u00eatre faite dans les 8 jours de la r\u00e9ception de celle-ci.<\/p>\n<p>Sauf conventions sp\u00e9ciales et \u00e9crites, toutes ventes emportent de plein droit de la part de l\u2019acheteur son adh\u00e9sion \u00e0 nos conditions g\u00e9n\u00e9rales de vente nonobstant toute stipulation contraire figurant \u00e0 ses propres conditions g\u00e9n\u00e9rales d\u2019achat.<\/p>\n<h3>Article -12-R\u00e9serve de propri\u00e9t\u00e9<\/h3>\n<p>Conform\u00e9ment \u00e0 l\u2019article de la loi 67-563 modifi\u00e9 par l\u2019article 1 de la loi N\u00b080-335 du 12\/05\/08, les marchandises restent notre propri\u00e9t\u00e9 jusqu\u2019au r\u00e8glement de la facture.<\/p>\n<h3>Article -13- R\u00e8glement<\/h3>\n<p>En cas de retard de paiement, seront exigibles, conform\u00e9ment \u00e0 l\u2019article L 441-6 du code du commerce, une indemnit\u00e9 calcul\u00e9e sur la base de trois fois le taux l\u00e9gal en vigueur ainsi qu\u2019une indemnit\u00e9 forfaitaire pour les frais de recouvrement de 40 euros. En cas de r\u00e8glement anticip\u00e9, aucun escompte ne sera accord\u00e9.<\/p>\n<h3>Article -14- Information du client<\/h3>\n<p>Les conditions de garantie sont affich\u00e9es dans l\u2019espace d\u2019accueil de l\u2019entreprise et une copie peut \u00eatre obtenue sur simple demande.<\/p>\n<h3>Article-15-Ecocontribution\/Registre REP\u00a0:<\/h3>\n<p>Les Ets POIRIER adh\u00e8rent \u00e0 l\u2019organisme CITEO pour la REP emballages.<\/p>\n<p>N\u00b0 d\u2019enregistrement en application de l\u2019article L.541-10-13 du code de l\u2019environnent attribu\u00e9 par l\u2019ADEME\u00a0:FR011446_01JJPW<\/p>\n<p>\u00a0<\/p>\n<p>\u00a0<\/p>\n<p>\u00a0<\/p>\n<p>\u00a0<\/p>\n<p>\u00a0<\/p>\n<p>\u00a0<\/p>\n<p>\u00a0<\/p>\n<p>\u00a0<\/p>\n<p>\u00a0<\/p>\n<p>\u00a0<\/p>\n<p>\u00a0<\/p>\n<p>\u00a0<\/p>\n<p>\u00a0<\/p>\n<p>\u00a0<\/p>\n<p>\u00a0<\/p>\n<p>\u00a0<\/p>\n<p>\u00a0<\/p>\n<p>\u00a0<\/p>\n<p>\u00a0<\/p>\n<p>\u00a0<\/p>\n<p>\u00a0<\/p>\n<p>\u00a0<\/p>\n<p>\u00a0<\/p>\n<p>\u00a0<\/p>\n<p>\u00a0<\/p>\n<p>\u00a0<\/p>\n<p>\u00a0<\/p>\n<p>\u00a0<\/p>\n<p>\u00a0<\/p>\n<p>\u00a0<\/p>\n<p>\u00a0<\/p>\n<p>\u00a0<\/p>\n<p>\u00a0<\/p>\n<p>\u00a0<\/p>\n<p>\u00a0<\/p>\n<p>\u00a0<\/p>\n<p>\u00a0<\/p>\n<p>\u00a0<\/p>\n<p>\u00a0<\/p>\n<p>\u00a0<\/p>\n<p>\u00a0<\/p>\n<p>\u00a0<\/p>\n<p>\u00a0<\/p>\n<p>\u00a0<\/p>\n<p>\u00a0<\/p>\n<p>\u00a0<\/p>\n<p>\u00a0<\/p>\n<p>\u00a0<\/p>\n<p>\u00a0<\/p>\n<p>\u00a0<\/p>\n<p>\u00a0<\/p>\n<p>\u00a0<\/p>\n<p>\u00a0<\/p>","protected":false},"excerpt":{"rendered":"<p>Conditions g\u00e9n\u00e9rales de vente \u00a0 Article -1- Garantie l\u00e9gale Le vendeur a l\u2019obligation de garantir l\u2019acheteur contre les vices cach\u00e9s de la pi\u00e8ce vendue, selon les<span class=\"excerpt-hellip\"> [\u2026]<\/span><\/p>\n","protected":false},"author":1,"featured_media":0,"parent":0,"menu_order":0,"comment_status":"closed","ping_status":"closed","template":"","meta":{"_acf_changed":false,"footnotes":""},"class_list":["post-359","page","type-page","status-publish","hentry"],"acf":[],"yoast_head":"<!-- This site is optimized with the Yoast SEO plugin v27.2 - https:\/\/yoast.com\/product\/yoast-seo-wordpress\/ -->\n<title>Conditions g\u00e9n\u00e9rales de vente - Poirier<\/title>\n<meta name=\"robots\" content=\"index, follow, max-snippet:-1, max-image-preview:large, max-video-preview:-1\" \/>\n<link rel=\"canonical\" href=\"https:\/\/www.poirier-recycleur-automobile.com\/pieces-detachees\/conditions-generales-de-vente\/\" \/>\n<meta property=\"og:locale\" content=\"fr_FR\" \/>\n<meta property=\"og:type\" content=\"article\" \/>\n<meta property=\"og:title\" content=\"Conditions g\u00e9n\u00e9rales de vente - Poirier\" \/>\n<meta property=\"og:description\" content=\"Conditions g\u00e9n\u00e9rales de vente \u00a0 Article -1- Garantie l\u00e9gale Le vendeur a l\u2019obligation de garantir l\u2019acheteur contre les vices cach\u00e9s de la pi\u00e8ce vendue, selon les [\u2026]\" \/>\n<meta property=\"og:url\" content=\"https:\/\/www.poirier-recycleur-automobile.com\/pieces-detachees\/conditions-generales-de-vente\/\" \/>\n<meta property=\"og:site_name\" content=\"Poirier\" \/>\n<meta property=\"article:modified_time\" content=\"2023-10-31T09:01:09+00:00\" \/>\n<meta name=\"twitter:card\" content=\"summary_large_image\" \/>\n<meta name=\"twitter:label1\" content=\"Dur\u00e9e de lecture estim\u00e9e\" \/>\n\t<meta name=\"twitter:data1\" content=\"5 minutes\" \/>\n<script type=\"application\/ld+json\" class=\"yoast-schema-graph\">{\"@context\":\"https:\/\/schema.org\",\"@graph\":[{\"@type\":\"WebPage\",\"@id\":\"https:\/\/www.poirier-recycleur-automobile.com\/pieces-detachees\/conditions-generales-de-vente\/\",\"url\":\"https:\/\/www.poirier-recycleur-automobile.com\/pieces-detachees\/conditions-generales-de-vente\/\",\"name\":\"Conditions g\u00e9n\u00e9rales de vente - Poirier\",\"isPartOf\":{\"@id\":\"https:\/\/www.poirier-recycleur-automobile.com\/pieces-detachees\/#website\"},\"datePublished\":\"2023-10-31T08:56:20+00:00\",\"dateModified\":\"2023-10-31T09:01:09+00:00\",\"breadcrumb\":{\"@id\":\"https:\/\/www.poirier-recycleur-automobile.com\/pieces-detachees\/conditions-generales-de-vente\/#breadcrumb\"},\"inLanguage\":\"fr-FR\",\"potentialAction\":[{\"@type\":\"ReadAction\",\"target\":[\"https:\/\/www.poirier-recycleur-automobile.com\/pieces-detachees\/conditions-generales-de-vente\/\"]}]},{\"@type\":\"BreadcrumbList\",\"@id\":\"https:\/\/www.poirier-recycleur-automobile.com\/pieces-detachees\/conditions-generales-de-vente\/#breadcrumb\",\"itemListElement\":[{\"@type\":\"ListItem\",\"position\":1,\"name\":\"Accueil\",\"item\":\"https:\/\/www.poirier-recycleur-automobile.com\/pieces-detachees\/\"},{\"@type\":\"ListItem\",\"position\":2,\"name\":\"Conditions g\u00e9n\u00e9rales de vente\"}]},{\"@type\":\"WebSite\",\"@id\":\"https:\/\/www.poirier-recycleur-automobile.com\/pieces-detachees\/#website\",\"url\":\"https:\/\/www.poirier-recycleur-automobile.com\/pieces-detachees\/\",\"name\":\"Poirier\",\"description\":\"D\u00e9constructeur \/ Recycleur Automobile - Vente de pi\u00e8ces d\u00e9tach\u00e9es\",\"potentialAction\":[{\"@type\":\"SearchAction\",\"target\":{\"@type\":\"EntryPoint\",\"urlTemplate\":\"https:\/\/www.poirier-recycleur-automobile.com\/pieces-detachees\/?s={search_term_string}\"},\"query-input\":{\"@type\":\"PropertyValueSpecification\",\"valueRequired\":true,\"valueName\":\"search_term_string\"}}],\"inLanguage\":\"fr-FR\"}]}<\/script>\n<!-- \/ Yoast SEO plugin. -->","yoast_head_json":{"title":"Conditions g\u00e9n\u00e9rales de vente - Poirier","robots":{"index":"index","follow":"follow","max-snippet":"max-snippet:-1","max-image-preview":"max-image-preview:large","max-video-preview":"max-video-preview:-1"},"canonical":"https:\/\/www.poirier-recycleur-automobile.com\/pieces-detachees\/conditions-generales-de-vente\/","og_locale":"fr_FR","og_type":"article","og_title":"Conditions g\u00e9n\u00e9rales de vente - Poirier","og_description":"Conditions g\u00e9n\u00e9rales de vente \u00a0 Article -1- Garantie l\u00e9gale Le vendeur a l\u2019obligation de garantir l\u2019acheteur contre les vices cach\u00e9s de la pi\u00e8ce vendue, selon les [\u2026]","og_url":"https:\/\/www.poirier-recycleur-automobile.com\/pieces-detachees\/conditions-generales-de-vente\/","og_site_name":"Poirier","article_modified_time":"2023-10-31T09:01:09+00:00","twitter_card":"summary_large_image","twitter_misc":{"Dur\u00e9e de lecture estim\u00e9e":"5 minutes"},"schema":{"@context":"https:\/\/schema.org","@graph":[{"@type":"WebPage","@id":"https:\/\/www.poirier-recycleur-automobile.com\/pieces-detachees\/conditions-generales-de-vente\/","url":"https:\/\/www.poirier-recycleur-automobile.com\/pieces-detachees\/conditions-generales-de-vente\/","name":"Conditions g\u00e9n\u00e9rales de vente - Poirier","isPartOf":{"@id":"https:\/\/www.poirier-recycleur-automobile.com\/pieces-detachees\/#website"},"datePublished":"2023-10-31T08:56:20+00:00","dateModified":"2023-10-31T09:01:09+00:00","breadcrumb":{"@id":"https:\/\/www.poirier-recycleur-automobile.com\/pieces-detachees\/conditions-generales-de-vente\/#breadcrumb"},"inLanguage":"fr-FR","potentialAction":[{"@type":"ReadAction","target":["https:\/\/www.poirier-recycleur-automobile.com\/pieces-detachees\/conditions-generales-de-vente\/"]}]},{"@type":"BreadcrumbList","@id":"https:\/\/www.poirier-recycleur-automobile.com\/pieces-detachees\/conditions-generales-de-vente\/#breadcrumb","itemListElement":[{"@type":"ListItem","position":1,"name":"Accueil","item":"https:\/\/www.poirier-recycleur-automobile.com\/pieces-detachees\/"},{"@type":"ListItem","position":2,"name":"Conditions g\u00e9n\u00e9rales de vente"}]},{"@type":"WebSite","@id":"https:\/\/www.poirier-recycleur-automobile.com\/pieces-detachees\/#website","url":"https:\/\/www.poirier-recycleur-automobile.com\/pieces-detachees\/","name":"Poirier","description":"D\u00e9constructeur \/ Recycleur Automobile - Vente de pi\u00e8ces d\u00e9tach\u00e9es","potentialAction":[{"@type":"SearchAction","target":{"@type":"EntryPoint","urlTemplate":"https:\/\/www.poirier-recycleur-automobile.com\/pieces-detachees\/?s={search_term_string}"},"query-input":{"@type":"PropertyValueSpecification","valueRequired":true,"valueName":"search_term_string"}}],"inLanguage":"fr-FR"}]}},"_links":{"self":[{"href":"https:\/\/www.poirier-recycleur-automobile.com\/pieces-detachees\/wp-json\/wp\/v2\/pages\/359","targetHints":{"allow":["GET"]}}],"collection":[{"href":"https:\/\/www.poirier-recycleur-automobile.com\/pieces-detachees\/wp-json\/wp\/v2\/pages"}],"about":[{"href":"https:\/\/www.poirier-recycleur-automobile.com\/pieces-detachees\/wp-json\/wp\/v2\/types\/page"}],"author":[{"embeddable":true,"href":"https:\/\/www.poirier-recycleur-automobile.com\/pieces-detachees\/wp-json\/wp\/v2\/users\/1"}],"replies":[{"embeddable":true,"href":"https:\/\/www.poirier-recycleur-automobile.com\/pieces-detachees\/wp-json\/wp\/v2\/comments?post=359"}],"version-history":[{"count":4,"href":"https:\/\/www.poirier-recycleur-automobile.com\/pieces-detachees\/wp-json\/wp\/v2\/pages\/359\/revisions"}],"predecessor-version":[{"id":367,"href":"https:\/\/www.poirier-recycleur-automobile.com\/pieces-detachees\/wp-json\/wp\/v2\/pages\/359\/revisions\/367"}],"wp:attachment":[{"href":"https:\/\/www.poirier-recycleur-automobile.com\/pieces-detachees\/wp-json\/wp\/v2\/media?parent=359"}],"curies":[{"name":"wp","href":"https:\/\/api.w.org\/{rel}","templated":true}]}}